{"id":4344,"date":"2023-03-30T00:37:18","date_gmt":"2023-03-30T00:37:18","guid":{"rendered":"https:\/\/studio80.com.co\/?post_type=product&#038;p=4344"},"modified":"2026-04-01T00:16:25","modified_gmt":"2026-04-01T05:16:25","slug":"plus-sesion-recien-nacidos","status":"publish","type":"product","link":"https:\/\/studio80.com.co\/?product=plus-sesion-recien-nacidos","title":{"rendered":"PLUS Sesi\u00f3n- Reci\u00e9n Nacidos"},"content":{"rendered":"","protected":false},"excerpt":{"rendered":"<p>&#8211; 1 Lienzo 30x45cm<\/p>\n<p>&#8211; 1 Retablo 20x30cm<\/p>\n<p>-13 Fotos 13x19cm impresas<\/p>\n<p>&#8211; Digital de las 15 fotos escogidas<\/p>\n<p>M\u00e1ximo 3 acompa\u00f1antes en sesi\u00f3n<\/p>\n<p>Incluye 3 escenograf\u00edas \/ 3 Vestuarios<\/p>\n<p>(Incluye las 15 fotograf\u00edas digitales<br \/>\nescogidas retocadas y finalizadas)<\/p>\n<p>$830.000<\/p>\n","protected":false},"featured_media":4310,"comment_status":"open","ping_status":"closed","template":"","meta":{"om_disable_all_campaigns":false,"_monsterinsights_skip_tracking":false,"_monsterinsights_sitenote_active":false,"_monsterinsights_sitenote_note":"","_monsterinsights_sitenote_category":0},"product_brand":[],"product_cat":[45,46,30,44],"product_tag":[32,34,31,27,33,26],"class_list":{"0":"post-4344","1":"product","2":"type-product","3":"status-publish","4":"has-post-thumbnail","6":"product_cat-especialistas-en-fotografia-de-ciclo-de-vida-en-bogota-capturamos-momentos-inolvidables-desde-la-maternidad-y-recien-nacidos-hasta-perfiles-profesionales","7":"product_cat-new_born","8":"product_cat-recien-nacidos","9":"product_cat-sesiones_fotograficas","10":"product_tag-embarazadas","11":"product_tag-fotos-en-bogota","12":"product_tag-fotos-para-bebes","13":"product_tag-maternidad","14":"product_tag-recien-nacidos","15":"product_tag-sesion-de-fotos","17":"first","18":"instock","19":"shipping-taxable","20":"purchasable","21":"product-type-simple"},"yoast_head":"<!-- This site is optimized with the Yoast SEO plugin v27.3 - https:\/\/yoast.com\/product\/yoast-seo-wordpress\/ -->\n<title>PLUS Sesi\u00f3n- Reci\u00e9n Nacidos - Studio80<\/title>\n<meta name=\"description\" content=\"somos el mejor estudio de Bogot\u00e1, m\u00e1s de 50 escenograf\u00edas para las fotograf\u00edas de en todas las etapas de tu beb\u00e9, reci\u00e9n nacido, smashcake, Club mes a mes..\" \/>\n<meta name=\"robots\" content=\"index, follow, max-snippet:-1, max-image-preview:large, max-video-preview:-1\" \/>\n<link rel=\"canonical\" href=\"https:\/\/studio80.com.co\/?product=plus-sesion-recien-nacidos\" \/>\n<meta property=\"og:locale\" content=\"es_ES\" \/>\n<meta property=\"og:type\" content=\"article\" \/>\n<meta property=\"og:title\" content=\"PLUS Sesi\u00f3n- Reci\u00e9n Nacidos - Studio80\" \/>\n<meta property=\"og:description\" content=\"somos el mejor estudio de Bogot\u00e1, m\u00e1s de 50 escenograf\u00edas para las fotograf\u00edas de en todas las etapas de tu beb\u00e9, reci\u00e9n nacido, smashcake, Club mes a mes..\" \/>\n<meta property=\"og:url\" content=\"https:\/\/studio80.com.co\/?product=plus-sesion-recien-nacidos\" \/>\n<meta property=\"og:site_name\" content=\"Studio80\" \/>\n<meta property=\"article:publisher\" content=\"https:\/\/www.facebook.com\/Studio80Foto\" \/>\n<meta property=\"article:modified_time\" content=\"2026-04-01T05:16:25+00:00\" \/>\n<meta property=\"og:image\" content=\"http:\/\/studio80.com.co\/wp-content\/uploads\/2022\/09\/A9A3338-scaled.jpg\" \/>\n\t<meta property=\"og:image:width\" content=\"2560\" \/>\n\t<meta property=\"og:image:height\" content=\"1707\" \/>\n\t<meta property=\"og:image:type\" content=\"image\/jpeg\" \/>\n<meta name=\"twitter:card\" content=\"summary_large_image\" \/>\n<script type=\"application\/ld+json\" class=\"yoast-schema-graph\">{\"@context\":\"https:\\\/\\\/schema.org\",\"@graph\":[{\"@type\":\"WebPage\",\"@id\":\"https:\\\/\\\/studio80.com.co\\\/?product=plus-sesion-recien-nacidos\",\"url\":\"https:\\\/\\\/studio80.com.co\\\/?product=plus-sesion-recien-nacidos\",\"name\":\"PLUS Sesi\u00f3n- Reci\u00e9n Nacidos - Studio80\",\"isPartOf\":{\"@id\":\"https:\\\/\\\/studio80.com.co\\\/#website\"},\"primaryImageOfPage\":{\"@id\":\"https:\\\/\\\/studio80.com.co\\\/?product=plus-sesion-recien-nacidos#primaryimage\"},\"image\":{\"@id\":\"https:\\\/\\\/studio80.com.co\\\/?product=plus-sesion-recien-nacidos#primaryimage\"},\"thumbnailUrl\":\"https:\\\/\\\/studio80.com.co\\\/wp-content\\\/uploads\\\/2022\\\/09\\\/A9A3338-scaled.jpg\",\"datePublished\":\"2023-03-30T00:37:18+00:00\",\"dateModified\":\"2026-04-01T05:16:25+00:00\",\"description\":\"somos el mejor estudio de Bogot\u00e1, m\u00e1s de 50 escenograf\u00edas para las fotograf\u00edas de en todas las etapas de tu beb\u00e9, reci\u00e9n nacido, smashcake, Club mes a mes..\",\"breadcrumb\":{\"@id\":\"https:\\\/\\\/studio80.com.co\\\/?product=plus-sesion-recien-nacidos#breadcrumb\"},\"inLanguage\":\"es\",\"potentialAction\":[{\"@type\":\"ReadAction\",\"target\":[\"https:\\\/\\\/studio80.com.co\\\/?product=plus-sesion-recien-nacidos\"]}]},{\"@type\":\"ImageObject\",\"inLanguage\":\"es\",\"@id\":\"https:\\\/\\\/studio80.com.co\\\/?product=plus-sesion-recien-nacidos#primaryimage\",\"url\":\"https:\\\/\\\/studio80.com.co\\\/wp-content\\\/uploads\\\/2022\\\/09\\\/A9A3338-scaled.jpg\",\"contentUrl\":\"https:\\\/\\\/studio80.com.co\\\/wp-content\\\/uploads\\\/2022\\\/09\\\/A9A3338-scaled.jpg\",\"width\":2560,\"height\":1707},{\"@type\":\"BreadcrumbList\",\"@id\":\"https:\\\/\\\/studio80.com.co\\\/?product=plus-sesion-recien-nacidos#breadcrumb\",\"itemListElement\":[{\"@type\":\"ListItem\",\"position\":1,\"name\":\"Home\",\"item\":\"https:\\\/\\\/studio80.com.co\\\/\"},{\"@type\":\"ListItem\",\"position\":2,\"name\":\"Tienda\",\"item\":\"https:\\\/\\\/studio80.com.co\\\/?page_id=5\"},{\"@type\":\"ListItem\",\"position\":3,\"name\":\"PLUS Sesi\u00f3n- Reci\u00e9n Nacidos\"}]},{\"@type\":\"WebSite\",\"@id\":\"https:\\\/\\\/studio80.com.co\\\/#website\",\"url\":\"https:\\\/\\\/studio80.com.co\\\/\",\"name\":\"Studio80\",\"description\":\"Studio 80 Fotograf\u00eda\",\"publisher\":{\"@id\":\"https:\\\/\\\/studio80.com.co\\\/#organization\"},\"potentialAction\":[{\"@type\":\"SearchAction\",\"target\":{\"@type\":\"EntryPoint\",\"urlTemplate\":\"https:\\\/\\\/studio80.com.co\\\/?s={search_term_string}\"},\"query-input\":{\"@type\":\"PropertyValueSpecification\",\"valueRequired\":true,\"valueName\":\"search_term_string\"}}],\"inLanguage\":\"es\"},{\"@type\":\"Organization\",\"@id\":\"https:\\\/\\\/studio80.com.co\\\/#organization\",\"name\":\"Studio80\",\"url\":\"https:\\\/\\\/studio80.com.co\\\/\",\"logo\":{\"@type\":\"ImageObject\",\"inLanguage\":\"es\",\"@id\":\"https:\\\/\\\/studio80.com.co\\\/#\\\/schema\\\/logo\\\/image\\\/\",\"url\":\"https:\\\/\\\/studio80.com.co\\\/wp-content\\\/uploads\\\/2022\\\/03\\\/cropped-favicon-Studio-80-logo_Mesa-de-trabajo-1-copia-4-copia.png\",\"contentUrl\":\"https:\\\/\\\/studio80.com.co\\\/wp-content\\\/uploads\\\/2022\\\/03\\\/cropped-favicon-Studio-80-logo_Mesa-de-trabajo-1-copia-4-copia.png\",\"width\":512,\"height\":512,\"caption\":\"Studio80\"},\"image\":{\"@id\":\"https:\\\/\\\/studio80.com.co\\\/#\\\/schema\\\/logo\\\/image\\\/\"},\"sameAs\":[\"https:\\\/\\\/www.facebook.com\\\/Studio80Foto\",\"https:\\\/\\\/www.instagram.com\\\/studio80fotografia\\\/\"]}]}<\/script>\n<!-- \/ Yoast SEO plugin. -->","yoast_head_json":{"title":"PLUS Sesi\u00f3n- Reci\u00e9n Nacidos - Studio80","description":"somos el mejor estudio de Bogot\u00e1, m\u00e1s de 50 escenograf\u00edas para las fotograf\u00edas de en todas las etapas de tu beb\u00e9, reci\u00e9n nacido, smashcake, Club mes a mes..","robots":{"index":"index","follow":"follow","max-snippet":"max-snippet:-1","max-image-preview":"max-image-preview:large","max-video-preview":"max-video-preview:-1"},"canonical":"https:\/\/studio80.com.co\/?product=plus-sesion-recien-nacidos","og_locale":"es_ES","og_type":"article","og_title":"PLUS Sesi\u00f3n- Reci\u00e9n Nacidos - Studio80","og_description":"somos el mejor estudio de Bogot\u00e1, m\u00e1s de 50 escenograf\u00edas para las fotograf\u00edas de en todas las etapas de tu beb\u00e9, reci\u00e9n nacido, smashcake, Club mes a mes..","og_url":"https:\/\/studio80.com.co\/?product=plus-sesion-recien-nacidos","og_site_name":"Studio80","article_publisher":"https:\/\/www.facebook.com\/Studio80Foto","article_modified_time":"2026-04-01T05:16:25+00:00","og_image":[{"width":2560,"height":1707,"url":"http:\/\/studio80.com.co\/wp-content\/uploads\/2022\/09\/A9A3338-scaled.jpg","type":"image\/jpeg"}],"twitter_card":"summary_large_image","schema":{"@context":"https:\/\/schema.org","@graph":[{"@type":"WebPage","@id":"https:\/\/studio80.com.co\/?product=plus-sesion-recien-nacidos","url":"https:\/\/studio80.com.co\/?product=plus-sesion-recien-nacidos","name":"PLUS Sesi\u00f3n- Reci\u00e9n Nacidos - Studio80","isPartOf":{"@id":"https:\/\/studio80.com.co\/#website"},"primaryImageOfPage":{"@id":"https:\/\/studio80.com.co\/?product=plus-sesion-recien-nacidos#primaryimage"},"image":{"@id":"https:\/\/studio80.com.co\/?product=plus-sesion-recien-nacidos#primaryimage"},"thumbnailUrl":"https:\/\/studio80.com.co\/wp-content\/uploads\/2022\/09\/A9A3338-scaled.jpg","datePublished":"2023-03-30T00:37:18+00:00","dateModified":"2026-04-01T05:16:25+00:00","description":"somos el mejor estudio de Bogot\u00e1, m\u00e1s de 50 escenograf\u00edas para las fotograf\u00edas de en todas las etapas de tu beb\u00e9, reci\u00e9n nacido, smashcake, Club mes a mes..","breadcrumb":{"@id":"https:\/\/studio80.com.co\/?product=plus-sesion-recien-nacidos#breadcrumb"},"inLanguage":"es","potentialAction":[{"@type":"ReadAction","target":["https:\/\/studio80.com.co\/?product=plus-sesion-recien-nacidos"]}]},{"@type":"ImageObject","inLanguage":"es","@id":"https:\/\/studio80.com.co\/?product=plus-sesion-recien-nacidos#primaryimage","url":"https:\/\/studio80.com.co\/wp-content\/uploads\/2022\/09\/A9A3338-scaled.jpg","contentUrl":"https:\/\/studio80.com.co\/wp-content\/uploads\/2022\/09\/A9A3338-scaled.jpg","width":2560,"height":1707},{"@type":"BreadcrumbList","@id":"https:\/\/studio80.com.co\/?product=plus-sesion-recien-nacidos#breadcrumb","itemListElement":[{"@type":"ListItem","position":1,"name":"Home","item":"https:\/\/studio80.com.co\/"},{"@type":"ListItem","position":2,"name":"Tienda","item":"https:\/\/studio80.com.co\/?page_id=5"},{"@type":"ListItem","position":3,"name":"PLUS Sesi\u00f3n- Reci\u00e9n Nacidos"}]},{"@type":"WebSite","@id":"https:\/\/studio80.com.co\/#website","url":"https:\/\/studio80.com.co\/","name":"Studio80","description":"Studio 80 Fotograf\u00eda","publisher":{"@id":"https:\/\/studio80.com.co\/#organization"},"potentialAction":[{"@type":"SearchAction","target":{"@type":"EntryPoint","urlTemplate":"https:\/\/studio80.com.co\/?s={search_term_string}"},"query-input":{"@type":"PropertyValueSpecification","valueRequired":true,"valueName":"search_term_string"}}],"inLanguage":"es"},{"@type":"Organization","@id":"https:\/\/studio80.com.co\/#organization","name":"Studio80","url":"https:\/\/studio80.com.co\/","logo":{"@type":"ImageObject","inLanguage":"es","@id":"https:\/\/studio80.com.co\/#\/schema\/logo\/image\/","url":"https:\/\/studio80.com.co\/wp-content\/uploads\/2022\/03\/cropped-favicon-Studio-80-logo_Mesa-de-trabajo-1-copia-4-copia.png","contentUrl":"https:\/\/studio80.com.co\/wp-content\/uploads\/2022\/03\/cropped-favicon-Studio-80-logo_Mesa-de-trabajo-1-copia-4-copia.png","width":512,"height":512,"caption":"Studio80"},"image":{"@id":"https:\/\/studio80.com.co\/#\/schema\/logo\/image\/"},"sameAs":["https:\/\/www.facebook.com\/Studio80Foto","https:\/\/www.instagram.com\/studio80fotografia\/"]}]}},"_links":{"self":[{"href":"https:\/\/studio80.com.co\/index.php?rest_route=\/wp\/v2\/product\/4344","targetHints":{"allow":["GET"]}}],"collection":[{"href":"https:\/\/studio80.com.co\/index.php?rest_route=\/wp\/v2\/product"}],"about":[{"href":"https:\/\/studio80.com.co\/index.php?rest_route=\/wp\/v2\/types\/product"}],"replies":[{"embeddable":true,"href":"https:\/\/studio80.com.co\/index.php?rest_route=%2Fwp%2Fv2%2Fcomments&post=4344"}],"wp:featuredmedia":[{"embeddable":true,"href":"https:\/\/studio80.com.co\/index.php?rest_route=\/wp\/v2\/media\/4310"}],"wp:attachment":[{"href":"https:\/\/studio80.com.co\/index.php?rest_route=%2Fwp%2Fv2%2Fmedia&parent=4344"}],"wp:term":[{"taxonomy":"product_brand","embeddable":true,"href":"https:\/\/studio80.com.co\/index.php?rest_route=%2Fwp%2Fv2%2Fproduct_brand&post=4344"},{"taxonomy":"product_cat","embeddable":true,"href":"https:\/\/studio80.com.co\/index.php?rest_route=%2Fwp%2Fv2%2Fproduct_cat&post=4344"},{"taxonomy":"product_tag","embeddable":true,"href":"https:\/\/studio80.com.co\/index.php?rest_route=%2Fwp%2Fv2%2Fproduct_tag&post=4344"}],"curies":[{"name":"wp","href":"https:\/\/api.w.org\/{rel}","templated":true}]}}