{"id":3607,"date":"2021-05-03T04:37:46","date_gmt":"2021-05-03T04:37:46","guid":{"rendered":"https:\/\/studio80.com.co\/?post_type=product&#038;p=3607"},"modified":"2026-04-01T00:23:16","modified_gmt":"2026-04-01T05:23:16","slug":"minni-sesion","status":"publish","type":"product","link":"https:\/\/studio80.com.co\/?product=minni-sesion","title":{"rendered":"Sesi\u00f3n VIP Embarazadas"},"content":{"rendered":"","protected":false},"excerpt":{"rendered":"<p><em><b><span style=\"vertical-align: inherit;\"><span style=\"vertical-align: inherit;\"><span style=\"vertical-align: inherit;\"><span style=\"vertical-align: inherit;\"><span style=\"vertical-align: inherit;\"><span style=\"vertical-align: inherit;\"><span style=\"vertical-align: inherit;\"><span style=\"vertical-align: inherit;\">SESI\u00d3N VIP<\/span><\/span><\/span><\/span><\/span><\/span><\/span><\/span><\/b><\/em><\/p>\n<ul>\n<li><span style=\"vertical-align: inherit;\"><span style=\"vertical-align: inherit;\">En este plan Pueden Participar 2 acompa\u00f1antes y mascota<\/span><\/span><\/li>\n<li><span style=\"vertical-align: inherit;\"><span style=\"vertical-align: inherit;\"><span style=\"vertical-align: inherit;\"><span style=\"vertical-align: inherit;\"><span style=\"vertical-align: inherit;\"><span style=\"vertical-align: inherit;\"><span style=\"vertical-align: inherit;\"><span style=\"vertical-align: inherit;\"><span style=\"vertical-align: inherit;\"><span style=\"vertical-align: inherit;\">3 Cambios de Vestuario<\/span><\/span><\/span><\/span><\/span><\/span><\/span><\/span><\/span><\/span><\/li>\n<\/ul>\n<p><span style=\"vertical-align: inherit;\"><span style=\"vertical-align: inherit;\">INCLUYE:<\/span><\/span><\/p>\n<ul>\n<li><span style=\"vertical-align: inherit;\"><span style=\"vertical-align: inherit;\"><span style=\"vertical-align: inherit;\"><span style=\"vertical-align: inherit;\"><span style=\"vertical-align: inherit;\"><span style=\"vertical-align: inherit;\"><span style=\"vertical-align: inherit;\"><span style=\"vertical-align: inherit;\"><span style=\"vertical-align: inherit;\"><span style=\"vertical-align: inherit;\">15 Fotograf\u00edas impresas en tama\u00f1o 13&#215;19 cm y en formato digital v\u00eda E-mail<\/span><\/span><\/span><\/span><\/span><\/span><\/span><\/span><\/span><\/span><\/li>\n<li><span style=\"vertical-align: inherit;\"><span style=\"vertical-align: inherit;\">Un cuadro en Lienzografia tama\u00f1o 30&#215;45<\/span><\/span><\/li>\n<li><span style=\"vertical-align: inherit;\"><span style=\"vertical-align: inherit;\">las fotograf\u00edas se entregan Editadas y retocadas.<\/span><\/span><\/li>\n<\/ul>\n<p>&nbsp;<\/p>\n","protected":false},"featured_media":3658,"comment_status":"closed","ping_status":"closed","template":"","meta":{"om_disable_all_campaigns":false,"_monsterinsights_skip_tracking":false,"_monsterinsights_sitenote_active":false,"_monsterinsights_sitenote_note":"","_monsterinsights_sitenote_category":0},"product_brand":[],"product_cat":[45,15,44],"product_tag":[35,33,25],"class_list":{"0":"post-3607","1":"product","2":"type-product","3":"status-publish","4":"has-post-thumbnail","6":"product_cat-especialistas-en-fotografia-de-ciclo-de-vida-en-bogota-capturamos-momentos-inolvidables-desde-la-maternidad-y-recien-nacidos-hasta-perfiles-profesionales","7":"product_cat-maternidad","8":"product_cat-sesiones_fotograficas","9":"product_tag-fotos-para-embarazadas","10":"product_tag-recien-nacidos","11":"product_tag-sesion-embarazo","13":"first","14":"instock","15":"sold-individually","16":"shipping-taxable","17":"purchasable","18":"product-type-booking"},"yoast_head":"<!-- This site is optimized with the Yoast SEO plugin v27.3 - https:\/\/yoast.com\/product\/yoast-seo-wordpress\/ -->\n<title>Sesi\u00f3n VIP Embarazadas - Studio80<\/title>\n<meta name=\"description\" content=\"Estudio Fotogr\u00e1ficos Profesional en Bogot\u00e1. especializados en Embarazadas, Ni\u00f1os, Familias, Parejas y m\u00e1s. agenda tu cita l 3214323556\" \/>\n<meta name=\"robots\" content=\"index, follow, max-snippet:-1, max-image-preview:large, max-video-preview:-1\" \/>\n<link rel=\"canonical\" href=\"https:\/\/studio80.com.co\/?product=minni-sesion\" \/>\n<meta property=\"og:locale\" content=\"es_ES\" \/>\n<meta property=\"og:type\" content=\"article\" \/>\n<meta property=\"og:title\" content=\"Sesi\u00f3n VIP Embarazadas - Studio80\" \/>\n<meta property=\"og:description\" content=\"Estudio Fotogr\u00e1ficos Profesional en Bogot\u00e1. especializados en Embarazadas, Ni\u00f1os, Familias, Parejas y m\u00e1s. agenda tu cita l 3214323556\" \/>\n<meta property=\"og:url\" content=\"https:\/\/studio80.com.co\/?product=minni-sesion\" \/>\n<meta property=\"og:site_name\" content=\"Studio80\" \/>\n<meta property=\"article:publisher\" content=\"https:\/\/www.facebook.com\/Studio80Foto\" \/>\n<meta property=\"article:modified_time\" content=\"2026-04-01T05:23:16+00:00\" \/>\n<meta property=\"og:image\" content=\"http:\/\/studio80.com.co\/wp-content\/uploads\/2021\/05\/IDEAS-PARA-FOTOGRAFIA-DE-EMBARAZO-MATERNIDAD-BOGOTA.jpg\" \/>\n\t<meta property=\"og:image:width\" content=\"1333\" \/>\n\t<meta property=\"og:image:height\" content=\"2000\" \/>\n\t<meta property=\"og:image:type\" content=\"image\/jpeg\" \/>\n<meta name=\"twitter:card\" content=\"summary_large_image\" \/>\n<meta name=\"twitter:label1\" content=\"Tiempo de lectura\" \/>\n\t<meta name=\"twitter:data1\" content=\"1 minuto\" \/>\n<script type=\"application\/ld+json\" class=\"yoast-schema-graph\">{\"@context\":\"https:\\\/\\\/schema.org\",\"@graph\":[{\"@type\":\"WebPage\",\"@id\":\"https:\\\/\\\/studio80.com.co\\\/?product=minni-sesion\",\"url\":\"https:\\\/\\\/studio80.com.co\\\/?product=minni-sesion\",\"name\":\"Sesi\u00f3n VIP Embarazadas - Studio80\",\"isPartOf\":{\"@id\":\"https:\\\/\\\/studio80.com.co\\\/#website\"},\"primaryImageOfPage\":{\"@id\":\"https:\\\/\\\/studio80.com.co\\\/?product=minni-sesion#primaryimage\"},\"image\":{\"@id\":\"https:\\\/\\\/studio80.com.co\\\/?product=minni-sesion#primaryimage\"},\"thumbnailUrl\":\"https:\\\/\\\/studio80.com.co\\\/wp-content\\\/uploads\\\/2021\\\/05\\\/IDEAS-PARA-FOTOGRAFIA-DE-EMBARAZO-MATERNIDAD-BOGOTA.jpg\",\"datePublished\":\"2021-05-03T04:37:46+00:00\",\"dateModified\":\"2026-04-01T05:23:16+00:00\",\"description\":\"Estudio Fotogr\u00e1ficos Profesional en Bogot\u00e1. especializados en Embarazadas, Ni\u00f1os, Familias, Parejas y m\u00e1s. agenda tu cita l 3214323556\",\"breadcrumb\":{\"@id\":\"https:\\\/\\\/studio80.com.co\\\/?product=minni-sesion#breadcrumb\"},\"inLanguage\":\"es\",\"potentialAction\":[{\"@type\":\"ReadAction\",\"target\":[\"https:\\\/\\\/studio80.com.co\\\/?product=minni-sesion\"]}]},{\"@type\":\"ImageObject\",\"inLanguage\":\"es\",\"@id\":\"https:\\\/\\\/studio80.com.co\\\/?product=minni-sesion#primaryimage\",\"url\":\"https:\\\/\\\/studio80.com.co\\\/wp-content\\\/uploads\\\/2021\\\/05\\\/IDEAS-PARA-FOTOGRAFIA-DE-EMBARAZO-MATERNIDAD-BOGOTA.jpg\",\"contentUrl\":\"https:\\\/\\\/studio80.com.co\\\/wp-content\\\/uploads\\\/2021\\\/05\\\/IDEAS-PARA-FOTOGRAFIA-DE-EMBARAZO-MATERNIDAD-BOGOTA.jpg\",\"width\":1333,\"height\":2000},{\"@type\":\"BreadcrumbList\",\"@id\":\"https:\\\/\\\/studio80.com.co\\\/?product=minni-sesion#breadcrumb\",\"itemListElement\":[{\"@type\":\"ListItem\",\"position\":1,\"name\":\"Home\",\"item\":\"https:\\\/\\\/studio80.com.co\\\/\"},{\"@type\":\"ListItem\",\"position\":2,\"name\":\"Tienda\",\"item\":\"https:\\\/\\\/studio80.com.co\\\/?page_id=5\"},{\"@type\":\"ListItem\",\"position\":3,\"name\":\"Sesi\u00f3n VIP Embarazadas\"}]},{\"@type\":\"WebSite\",\"@id\":\"https:\\\/\\\/studio80.com.co\\\/#website\",\"url\":\"https:\\\/\\\/studio80.com.co\\\/\",\"name\":\"Studio80\",\"description\":\"Studio 80 Fotograf\u00eda\",\"publisher\":{\"@id\":\"https:\\\/\\\/studio80.com.co\\\/#organization\"},\"potentialAction\":[{\"@type\":\"SearchAction\",\"target\":{\"@type\":\"EntryPoint\",\"urlTemplate\":\"https:\\\/\\\/studio80.com.co\\\/?s={search_term_string}\"},\"query-input\":{\"@type\":\"PropertyValueSpecification\",\"valueRequired\":true,\"valueName\":\"search_term_string\"}}],\"inLanguage\":\"es\"},{\"@type\":\"Organization\",\"@id\":\"https:\\\/\\\/studio80.com.co\\\/#organization\",\"name\":\"Studio80\",\"url\":\"https:\\\/\\\/studio80.com.co\\\/\",\"logo\":{\"@type\":\"ImageObject\",\"inLanguage\":\"es\",\"@id\":\"https:\\\/\\\/studio80.com.co\\\/#\\\/schema\\\/logo\\\/image\\\/\",\"url\":\"https:\\\/\\\/studio80.com.co\\\/wp-content\\\/uploads\\\/2022\\\/03\\\/cropped-favicon-Studio-80-logo_Mesa-de-trabajo-1-copia-4-copia.png\",\"contentUrl\":\"https:\\\/\\\/studio80.com.co\\\/wp-content\\\/uploads\\\/2022\\\/03\\\/cropped-favicon-Studio-80-logo_Mesa-de-trabajo-1-copia-4-copia.png\",\"width\":512,\"height\":512,\"caption\":\"Studio80\"},\"image\":{\"@id\":\"https:\\\/\\\/studio80.com.co\\\/#\\\/schema\\\/logo\\\/image\\\/\"},\"sameAs\":[\"https:\\\/\\\/www.facebook.com\\\/Studio80Foto\",\"https:\\\/\\\/www.instagram.com\\\/studio80fotografia\\\/\"]}]}<\/script>\n<!-- \/ Yoast SEO plugin. -->","yoast_head_json":{"title":"Sesi\u00f3n VIP Embarazadas - Studio80","description":"Estudio Fotogr\u00e1ficos Profesional en Bogot\u00e1. especializados en Embarazadas, Ni\u00f1os, Familias, Parejas y m\u00e1s. agenda tu cita l 3214323556","robots":{"index":"index","follow":"follow","max-snippet":"max-snippet:-1","max-image-preview":"max-image-preview:large","max-video-preview":"max-video-preview:-1"},"canonical":"https:\/\/studio80.com.co\/?product=minni-sesion","og_locale":"es_ES","og_type":"article","og_title":"Sesi\u00f3n VIP Embarazadas - Studio80","og_description":"Estudio Fotogr\u00e1ficos Profesional en Bogot\u00e1. especializados en Embarazadas, Ni\u00f1os, Familias, Parejas y m\u00e1s. agenda tu cita l 3214323556","og_url":"https:\/\/studio80.com.co\/?product=minni-sesion","og_site_name":"Studio80","article_publisher":"https:\/\/www.facebook.com\/Studio80Foto","article_modified_time":"2026-04-01T05:23:16+00:00","og_image":[{"width":1333,"height":2000,"url":"http:\/\/studio80.com.co\/wp-content\/uploads\/2021\/05\/IDEAS-PARA-FOTOGRAFIA-DE-EMBARAZO-MATERNIDAD-BOGOTA.jpg","type":"image\/jpeg"}],"twitter_card":"summary_large_image","twitter_misc":{"Tiempo de lectura":"1 minuto"},"schema":{"@context":"https:\/\/schema.org","@graph":[{"@type":"WebPage","@id":"https:\/\/studio80.com.co\/?product=minni-sesion","url":"https:\/\/studio80.com.co\/?product=minni-sesion","name":"Sesi\u00f3n VIP Embarazadas - Studio80","isPartOf":{"@id":"https:\/\/studio80.com.co\/#website"},"primaryImageOfPage":{"@id":"https:\/\/studio80.com.co\/?product=minni-sesion#primaryimage"},"image":{"@id":"https:\/\/studio80.com.co\/?product=minni-sesion#primaryimage"},"thumbnailUrl":"https:\/\/studio80.com.co\/wp-content\/uploads\/2021\/05\/IDEAS-PARA-FOTOGRAFIA-DE-EMBARAZO-MATERNIDAD-BOGOTA.jpg","datePublished":"2021-05-03T04:37:46+00:00","dateModified":"2026-04-01T05:23:16+00:00","description":"Estudio Fotogr\u00e1ficos Profesional en Bogot\u00e1. especializados en Embarazadas, Ni\u00f1os, Familias, Parejas y m\u00e1s. agenda tu cita l 3214323556","breadcrumb":{"@id":"https:\/\/studio80.com.co\/?product=minni-sesion#breadcrumb"},"inLanguage":"es","potentialAction":[{"@type":"ReadAction","target":["https:\/\/studio80.com.co\/?product=minni-sesion"]}]},{"@type":"ImageObject","inLanguage":"es","@id":"https:\/\/studio80.com.co\/?product=minni-sesion#primaryimage","url":"https:\/\/studio80.com.co\/wp-content\/uploads\/2021\/05\/IDEAS-PARA-FOTOGRAFIA-DE-EMBARAZO-MATERNIDAD-BOGOTA.jpg","contentUrl":"https:\/\/studio80.com.co\/wp-content\/uploads\/2021\/05\/IDEAS-PARA-FOTOGRAFIA-DE-EMBARAZO-MATERNIDAD-BOGOTA.jpg","width":1333,"height":2000},{"@type":"BreadcrumbList","@id":"https:\/\/studio80.com.co\/?product=minni-sesion#breadcrumb","itemListElement":[{"@type":"ListItem","position":1,"name":"Home","item":"https:\/\/studio80.com.co\/"},{"@type":"ListItem","position":2,"name":"Tienda","item":"https:\/\/studio80.com.co\/?page_id=5"},{"@type":"ListItem","position":3,"name":"Sesi\u00f3n VIP Embarazadas"}]},{"@type":"WebSite","@id":"https:\/\/studio80.com.co\/#website","url":"https:\/\/studio80.com.co\/","name":"Studio80","description":"Studio 80 Fotograf\u00eda","publisher":{"@id":"https:\/\/studio80.com.co\/#organization"},"potentialAction":[{"@type":"SearchAction","target":{"@type":"EntryPoint","urlTemplate":"https:\/\/studio80.com.co\/?s={search_term_string}"},"query-input":{"@type":"PropertyValueSpecification","valueRequired":true,"valueName":"search_term_string"}}],"inLanguage":"es"},{"@type":"Organization","@id":"https:\/\/studio80.com.co\/#organization","name":"Studio80","url":"https:\/\/studio80.com.co\/","logo":{"@type":"ImageObject","inLanguage":"es","@id":"https:\/\/studio80.com.co\/#\/schema\/logo\/image\/","url":"https:\/\/studio80.com.co\/wp-content\/uploads\/2022\/03\/cropped-favicon-Studio-80-logo_Mesa-de-trabajo-1-copia-4-copia.png","contentUrl":"https:\/\/studio80.com.co\/wp-content\/uploads\/2022\/03\/cropped-favicon-Studio-80-logo_Mesa-de-trabajo-1-copia-4-copia.png","width":512,"height":512,"caption":"Studio80"},"image":{"@id":"https:\/\/studio80.com.co\/#\/schema\/logo\/image\/"},"sameAs":["https:\/\/www.facebook.com\/Studio80Foto","https:\/\/www.instagram.com\/studio80fotografia\/"]}]}},"_links":{"self":[{"href":"https:\/\/studio80.com.co\/index.php?rest_route=\/wp\/v2\/product\/3607","targetHints":{"allow":["GET"]}}],"collection":[{"href":"https:\/\/studio80.com.co\/index.php?rest_route=\/wp\/v2\/product"}],"about":[{"href":"https:\/\/studio80.com.co\/index.php?rest_route=\/wp\/v2\/types\/product"}],"replies":[{"embeddable":true,"href":"https:\/\/studio80.com.co\/index.php?rest_route=%2Fwp%2Fv2%2Fcomments&post=3607"}],"wp:featuredmedia":[{"embeddable":true,"href":"https:\/\/studio80.com.co\/index.php?rest_route=\/wp\/v2\/media\/3658"}],"wp:attachment":[{"href":"https:\/\/studio80.com.co\/index.php?rest_route=%2Fwp%2Fv2%2Fmedia&parent=3607"}],"wp:term":[{"taxonomy":"product_brand","embeddable":true,"href":"https:\/\/studio80.com.co\/index.php?rest_route=%2Fwp%2Fv2%2Fproduct_brand&post=3607"},{"taxonomy":"product_cat","embeddable":true,"href":"https:\/\/studio80.com.co\/index.php?rest_route=%2Fwp%2Fv2%2Fproduct_cat&post=3607"},{"taxonomy":"product_tag","embeddable":true,"href":"https:\/\/studio80.com.co\/index.php?rest_route=%2Fwp%2Fv2%2Fproduct_tag&post=3607"}],"curies":[{"name":"wp","href":"https:\/\/api.w.org\/{rel}","templated":true}]}}